{"id":13654,"date":"2021-11-25T11:14:36","date_gmt":"2021-11-25T10:14:36","guid":{"rendered":"https:\/\/prod-migration-second.local\/?page_id=13654"},"modified":"2024-07-11T10:56:31","modified_gmt":"2024-07-11T08:56:31","slug":"facturation-gratuite","status":"publish","type":"page","link":"https:\/\/www.accountable.eu\/fr-be\/facturation-gratuite\/","title":{"rendered":"Facturation gratuite pour les ind\u00e9pendants"},"content":{"rendered":"","protected":false},"excerpt":{"rendered":"","protected":false},"author":9,"featured_media":0,"parent":0,"menu_order":0,"comment_status":"closed","ping_status":"closed","template":"page-benefits.php","meta":{"inline_featured_image":false,"footnotes":""},"class_list":["post-13654","page","type-page","status-publish","hentry"],"acf":[],"yoast_head":"<!-- This site is optimized with the Yoast SEO plugin v25.7 - https:\/\/yoast.com\/wordpress\/plugins\/seo\/ -->\n<title>Facturation gratuite pour les ind\u00e9pendants - Accountable<\/title>\n<meta name=\"description\" content=\"Voici la solution de facturation gratuite dont les ind\u00e9pendants belges ont besoin. Envoyez des factures \u00e0 votr\" \/>\n<meta name=\"robots\" content=\"index, follow, max-snippet:-1, max-image-preview:large, max-video-preview:-1\" \/>\n<link rel=\"canonical\" href=\"https:\/\/www.accountable.eu\/fr-be\/facturation-gratuite\/\" \/>\n<meta property=\"og:locale\" content=\"fr_FR\" \/>\n<meta property=\"og:type\" content=\"article\" \/>\n<meta property=\"og:title\" content=\"Facturation gratuite pour les ind\u00e9pendants - Accountable\" \/>\n<meta property=\"og:description\" content=\"Voici la solution de facturation gratuite dont les ind\u00e9pendants belges ont besoin. Envoyez des factures \u00e0 votr\" \/>\n<meta property=\"og:url\" content=\"https:\/\/www.accountable.eu\/fr-be\/facturation-gratuite\/\" \/>\n<meta property=\"og:site_name\" content=\"Accountable\" \/>\n<meta property=\"article:modified_time\" content=\"2024-07-11T08:56:31+00:00\" \/>\n<meta name=\"twitter:card\" content=\"summary_large_image\" \/>\n<script type=\"application\/ld+json\" class=\"yoast-schema-graph\">{\"@context\":\"https:\/\/schema.org\",\"@graph\":[{\"@type\":\"WebPage\",\"@id\":\"https:\/\/www.accountable.eu\/fr-be\/facturation-gratuite\/\",\"url\":\"https:\/\/www.accountable.eu\/fr-be\/facturation-gratuite\/\",\"name\":\"Facturation gratuite pour les ind\u00e9pendants - Accountable\",\"isPartOf\":{\"@id\":\"https:\/\/www.accountable.eu\/fr-be\/#website\"},\"datePublished\":\"2021-11-25T10:14:36+00:00\",\"dateModified\":\"2024-07-11T08:56:31+00:00\",\"description\":\"Voici la solution de facturation gratuite dont les ind\u00e9pendants belges ont besoin. Envoyez des factures \u00e0 votr\",\"breadcrumb\":{\"@id\":\"https:\/\/www.accountable.eu\/fr-be\/facturation-gratuite\/#breadcrumb\"},\"inLanguage\":\"fr-BE\",\"potentialAction\":[{\"@type\":\"ReadAction\",\"target\":[\"https:\/\/www.accountable.eu\/fr-be\/facturation-gratuite\/\"]}]},{\"@type\":\"BreadcrumbList\",\"@id\":\"https:\/\/www.accountable.eu\/fr-be\/facturation-gratuite\/#breadcrumb\",\"itemListElement\":[{\"@type\":\"ListItem\",\"position\":1,\"name\":\"Home\",\"item\":\"https:\/\/www.accountable.eu\/fr-be\/\"},{\"@type\":\"ListItem\",\"position\":2,\"name\":\"Facturation gratuite pour les ind\u00e9pendants\"}]},{\"@type\":\"WebSite\",\"@id\":\"https:\/\/www.accountable.eu\/fr-be\/#website\",\"url\":\"https:\/\/www.accountable.eu\/fr-be\/\",\"name\":\"Accountable\",\"description\":\"Your accountant and tax advisor on your smartphone\",\"potentialAction\":[{\"@type\":\"SearchAction\",\"target\":{\"@type\":\"EntryPoint\",\"urlTemplate\":\"https:\/\/www.accountable.eu\/fr-be\/?s={search_term_string}\"},\"query-input\":{\"@type\":\"PropertyValueSpecification\",\"valueRequired\":true,\"valueName\":\"search_term_string\"}}],\"inLanguage\":\"fr-BE\"}]}<\/script>\n<!-- \/ Yoast SEO plugin. -->","yoast_head_json":{"title":"Facturation gratuite pour les ind\u00e9pendants - Accountable","description":"Voici la solution de facturation gratuite dont les ind\u00e9pendants belges ont besoin. Envoyez des factures \u00e0 votr","robots":{"index":"index","follow":"follow","max-snippet":"max-snippet:-1","max-image-preview":"max-image-preview:large","max-video-preview":"max-video-preview:-1"},"canonical":"https:\/\/www.accountable.eu\/fr-be\/facturation-gratuite\/","og_locale":"fr_FR","og_type":"article","og_title":"Facturation gratuite pour les ind\u00e9pendants - Accountable","og_description":"Voici la solution de facturation gratuite dont les ind\u00e9pendants belges ont besoin. Envoyez des factures \u00e0 votr","og_url":"https:\/\/www.accountable.eu\/fr-be\/facturation-gratuite\/","og_site_name":"Accountable","article_modified_time":"2024-07-11T08:56:31+00:00","twitter_card":"summary_large_image","schema":{"@context":"https:\/\/schema.org","@graph":[{"@type":"WebPage","@id":"https:\/\/www.accountable.eu\/fr-be\/facturation-gratuite\/","url":"https:\/\/www.accountable.eu\/fr-be\/facturation-gratuite\/","name":"Facturation gratuite pour les ind\u00e9pendants - Accountable","isPartOf":{"@id":"https:\/\/www.accountable.eu\/fr-be\/#website"},"datePublished":"2021-11-25T10:14:36+00:00","dateModified":"2024-07-11T08:56:31+00:00","description":"Voici la solution de facturation gratuite dont les ind\u00e9pendants belges ont besoin. Envoyez des factures \u00e0 votr","breadcrumb":{"@id":"https:\/\/www.accountable.eu\/fr-be\/facturation-gratuite\/#breadcrumb"},"inLanguage":"fr-BE","potentialAction":[{"@type":"ReadAction","target":["https:\/\/www.accountable.eu\/fr-be\/facturation-gratuite\/"]}]},{"@type":"BreadcrumbList","@id":"https:\/\/www.accountable.eu\/fr-be\/facturation-gratuite\/#breadcrumb","itemListElement":[{"@type":"ListItem","position":1,"name":"Home","item":"https:\/\/www.accountable.eu\/fr-be\/"},{"@type":"ListItem","position":2,"name":"Facturation gratuite pour les ind\u00e9pendants"}]},{"@type":"WebSite","@id":"https:\/\/www.accountable.eu\/fr-be\/#website","url":"https:\/\/www.accountable.eu\/fr-be\/","name":"Accountable","description":"Your accountant and tax advisor on your smartphone","potentialAction":[{"@type":"SearchAction","target":{"@type":"EntryPoint","urlTemplate":"https:\/\/www.accountable.eu\/fr-be\/?s={search_term_string}"},"query-input":{"@type":"PropertyValueSpecification","valueRequired":true,"valueName":"search_term_string"}}],"inLanguage":"fr-BE"}]}},"_links":{"self":[{"href":"https:\/\/www.accountable.eu\/fr-be\/wp-json\/wp\/v2\/pages\/13654","targetHints":{"allow":["GET"]}}],"collection":[{"href":"https:\/\/www.accountable.eu\/fr-be\/wp-json\/wp\/v2\/pages"}],"about":[{"href":"https:\/\/www.accountable.eu\/fr-be\/wp-json\/wp\/v2\/types\/page"}],"author":[{"embeddable":true,"href":"https:\/\/www.accountable.eu\/fr-be\/wp-json\/wp\/v2\/users\/9"}],"replies":[{"embeddable":true,"href":"https:\/\/www.accountable.eu\/fr-be\/wp-json\/wp\/v2\/comments?post=13654"}],"version-history":[{"count":0,"href":"https:\/\/www.accountable.eu\/fr-be\/wp-json\/wp\/v2\/pages\/13654\/revisions"}],"wp:attachment":[{"href":"https:\/\/www.accountable.eu\/fr-be\/wp-json\/wp\/v2\/media?parent=13654"}],"curies":[{"name":"wp","href":"https:\/\/api.w.org\/{rel}","templated":true}]}}