{"id":13785,"date":"2020-09-01T16:01:29","date_gmt":"2020-09-01T14:01:29","guid":{"rendered":"https:\/\/prod-migration-second.local\/?page_id=13785"},"modified":"2024-07-11T10:56:33","modified_gmt":"2024-07-11T08:56:33","slug":"impots-independant-complementaire","status":"publish","type":"page","link":"https:\/\/www.accountable.eu\/fr-be\/impots-independant-complementaire\/","title":{"rendered":"Calculez votre brut &#8211; net comme ind\u00e9pendant compl\u00e9mentaire | Accountable"},"content":{"rendered":"","protected":false},"excerpt":{"rendered":"","protected":false},"author":9,"featured_media":1957,"parent":0,"menu_order":0,"comment_status":"closed","ping_status":"closed","template":"page-tool-complementaries.php","meta":{"inline_featured_image":false,"footnotes":""},"class_list":["post-13785","page","type-page","status-publish","has-post-thumbnail","hentry"],"acf":[],"yoast_head":"<!-- This site is optimized with the Yoast SEO plugin v25.7 - https:\/\/yoast.com\/wordpress\/plugins\/seo\/ -->\n<title>Calculez votre brut - net comme ind\u00e9pendant compl\u00e9mentaire | Accountable - Accountable<\/title>\n<meta name=\"description\" content=\"Calculez votre brut - net d&#039;ind\u00e9pendant compl\u00e9mentaire : voyez le revenu net de votre activit\u00e9, votre imp\u00f4t et la liste de vos frais professionnels !\" \/>\n<meta name=\"robots\" content=\"index, follow, max-snippet:-1, max-image-preview:large, max-video-preview:-1\" \/>\n<link rel=\"canonical\" href=\"https:\/\/www.accountable.eu\/fr-be\/impots-independant-complementaire\/\" \/>\n<meta property=\"og:locale\" content=\"fr_FR\" \/>\n<meta property=\"og:type\" content=\"article\" \/>\n<meta property=\"og:title\" content=\"Calculez votre brut - net comme ind\u00e9pendant compl\u00e9mentaire | Accountable - Accountable\" \/>\n<meta property=\"og:description\" content=\"Calculez votre brut - net d&#039;ind\u00e9pendant compl\u00e9mentaire : voyez le revenu net de votre activit\u00e9, votre imp\u00f4t et la liste de vos frais professionnels !\" \/>\n<meta property=\"og:url\" content=\"https:\/\/www.accountable.eu\/fr-be\/impots-independant-complementaire\/\" \/>\n<meta property=\"og:site_name\" content=\"Accountable\" \/>\n<meta property=\"article:modified_time\" content=\"2024-07-11T08:56:33+00:00\" \/>\n<meta property=\"og:image\" content=\"https:\/\/www.accountable.eu\/wp-content\/uploads\/2020\/09\/CompleTool_EN_A.png\" \/>\n\t<meta property=\"og:image:width\" content=\"1884\" \/>\n\t<meta property=\"og:image:height\" content=\"1884\" \/>\n\t<meta property=\"og:image:type\" content=\"image\/png\" \/>\n<meta name=\"twitter:card\" content=\"summary_large_image\" \/>\n<script type=\"application\/ld+json\" class=\"yoast-schema-graph\">{\"@context\":\"https:\/\/schema.org\",\"@graph\":[{\"@type\":\"WebPage\",\"@id\":\"https:\/\/www.accountable.eu\/fr-be\/impots-independant-complementaire\/\",\"url\":\"https:\/\/www.accountable.eu\/fr-be\/impots-independant-complementaire\/\",\"name\":\"Calculez votre brut - net comme ind\u00e9pendant compl\u00e9mentaire | Accountable - Accountable\",\"isPartOf\":{\"@id\":\"https:\/\/www.accountable.eu\/fr-be\/#website\"},\"primaryImageOfPage\":{\"@id\":\"https:\/\/www.accountable.eu\/fr-be\/impots-independant-complementaire\/#primaryimage\"},\"image\":{\"@id\":\"https:\/\/www.accountable.eu\/fr-be\/impots-independant-complementaire\/#primaryimage\"},\"thumbnailUrl\":\"https:\/\/www.accountable.eu\/wp-content\/uploads\/2020\/09\/CompleTool_EN_A.png\",\"datePublished\":\"2020-09-01T14:01:29+00:00\",\"dateModified\":\"2024-07-11T08:56:33+00:00\",\"description\":\"Calculez votre brut - net d'ind\u00e9pendant compl\u00e9mentaire : voyez le revenu net de votre activit\u00e9, votre imp\u00f4t et la liste de vos frais professionnels !\",\"breadcrumb\":{\"@id\":\"https:\/\/www.accountable.eu\/fr-be\/impots-independant-complementaire\/#breadcrumb\"},\"inLanguage\":\"fr-BE\",\"potentialAction\":[{\"@type\":\"ReadAction\",\"target\":[\"https:\/\/www.accountable.eu\/fr-be\/impots-independant-complementaire\/\"]}]},{\"@type\":\"ImageObject\",\"inLanguage\":\"fr-BE\",\"@id\":\"https:\/\/www.accountable.eu\/fr-be\/impots-independant-complementaire\/#primaryimage\",\"url\":\"https:\/\/www.accountable.eu\/wp-content\/uploads\/2020\/09\/CompleTool_EN_A.png\",\"contentUrl\":\"https:\/\/www.accountable.eu\/wp-content\/uploads\/2020\/09\/CompleTool_EN_A.png\",\"width\":1884,\"height\":1884},{\"@type\":\"BreadcrumbList\",\"@id\":\"https:\/\/www.accountable.eu\/fr-be\/impots-independant-complementaire\/#breadcrumb\",\"itemListElement\":[{\"@type\":\"ListItem\",\"position\":1,\"name\":\"Home\",\"item\":\"https:\/\/www.accountable.eu\/fr-be\/\"},{\"@type\":\"ListItem\",\"position\":2,\"name\":\"Calculez votre brut &#8211; net comme ind\u00e9pendant compl\u00e9mentaire | Accountable\"}]},{\"@type\":\"WebSite\",\"@id\":\"https:\/\/www.accountable.eu\/fr-be\/#website\",\"url\":\"https:\/\/www.accountable.eu\/fr-be\/\",\"name\":\"Accountable\",\"description\":\"Your accountant and tax advisor on your smartphone\",\"potentialAction\":[{\"@type\":\"SearchAction\",\"target\":{\"@type\":\"EntryPoint\",\"urlTemplate\":\"https:\/\/www.accountable.eu\/fr-be\/?s={search_term_string}\"},\"query-input\":{\"@type\":\"PropertyValueSpecification\",\"valueRequired\":true,\"valueName\":\"search_term_string\"}}],\"inLanguage\":\"fr-BE\"}]}<\/script>\n<!-- \/ Yoast SEO plugin. -->","yoast_head_json":{"title":"Calculez votre brut - net comme ind\u00e9pendant compl\u00e9mentaire | Accountable - Accountable","description":"Calculez votre brut - net d'ind\u00e9pendant compl\u00e9mentaire : voyez le revenu net de votre activit\u00e9, votre imp\u00f4t et la liste de vos frais professionnels !","robots":{"index":"index","follow":"follow","max-snippet":"max-snippet:-1","max-image-preview":"max-image-preview:large","max-video-preview":"max-video-preview:-1"},"canonical":"https:\/\/www.accountable.eu\/fr-be\/impots-independant-complementaire\/","og_locale":"fr_FR","og_type":"article","og_title":"Calculez votre brut - net comme ind\u00e9pendant compl\u00e9mentaire | Accountable - Accountable","og_description":"Calculez votre brut - net d'ind\u00e9pendant compl\u00e9mentaire : voyez le revenu net de votre activit\u00e9, votre imp\u00f4t et la liste de vos frais professionnels !","og_url":"https:\/\/www.accountable.eu\/fr-be\/impots-independant-complementaire\/","og_site_name":"Accountable","article_modified_time":"2024-07-11T08:56:33+00:00","og_image":[{"width":1884,"height":1884,"url":"https:\/\/www.accountable.eu\/wp-content\/uploads\/2020\/09\/CompleTool_EN_A.png","type":"image\/png"}],"twitter_card":"summary_large_image","schema":{"@context":"https:\/\/schema.org","@graph":[{"@type":"WebPage","@id":"https:\/\/www.accountable.eu\/fr-be\/impots-independant-complementaire\/","url":"https:\/\/www.accountable.eu\/fr-be\/impots-independant-complementaire\/","name":"Calculez votre brut - net comme ind\u00e9pendant compl\u00e9mentaire | Accountable - Accountable","isPartOf":{"@id":"https:\/\/www.accountable.eu\/fr-be\/#website"},"primaryImageOfPage":{"@id":"https:\/\/www.accountable.eu\/fr-be\/impots-independant-complementaire\/#primaryimage"},"image":{"@id":"https:\/\/www.accountable.eu\/fr-be\/impots-independant-complementaire\/#primaryimage"},"thumbnailUrl":"https:\/\/www.accountable.eu\/wp-content\/uploads\/2020\/09\/CompleTool_EN_A.png","datePublished":"2020-09-01T14:01:29+00:00","dateModified":"2024-07-11T08:56:33+00:00","description":"Calculez votre brut - net d'ind\u00e9pendant compl\u00e9mentaire : voyez le revenu net de votre activit\u00e9, votre imp\u00f4t et la liste de vos frais professionnels !","breadcrumb":{"@id":"https:\/\/www.accountable.eu\/fr-be\/impots-independant-complementaire\/#breadcrumb"},"inLanguage":"fr-BE","potentialAction":[{"@type":"ReadAction","target":["https:\/\/www.accountable.eu\/fr-be\/impots-independant-complementaire\/"]}]},{"@type":"ImageObject","inLanguage":"fr-BE","@id":"https:\/\/www.accountable.eu\/fr-be\/impots-independant-complementaire\/#primaryimage","url":"https:\/\/www.accountable.eu\/wp-content\/uploads\/2020\/09\/CompleTool_EN_A.png","contentUrl":"https:\/\/www.accountable.eu\/wp-content\/uploads\/2020\/09\/CompleTool_EN_A.png","width":1884,"height":1884},{"@type":"BreadcrumbList","@id":"https:\/\/www.accountable.eu\/fr-be\/impots-independant-complementaire\/#breadcrumb","itemListElement":[{"@type":"ListItem","position":1,"name":"Home","item":"https:\/\/www.accountable.eu\/fr-be\/"},{"@type":"ListItem","position":2,"name":"Calculez votre brut &#8211; net comme ind\u00e9pendant compl\u00e9mentaire | Accountable"}]},{"@type":"WebSite","@id":"https:\/\/www.accountable.eu\/fr-be\/#website","url":"https:\/\/www.accountable.eu\/fr-be\/","name":"Accountable","description":"Your accountant and tax advisor on your smartphone","potentialAction":[{"@type":"SearchAction","target":{"@type":"EntryPoint","urlTemplate":"https:\/\/www.accountable.eu\/fr-be\/?s={search_term_string}"},"query-input":{"@type":"PropertyValueSpecification","valueRequired":true,"valueName":"search_term_string"}}],"inLanguage":"fr-BE"}]}},"_links":{"self":[{"href":"https:\/\/www.accountable.eu\/fr-be\/wp-json\/wp\/v2\/pages\/13785","targetHints":{"allow":["GET"]}}],"collection":[{"href":"https:\/\/www.accountable.eu\/fr-be\/wp-json\/wp\/v2\/pages"}],"about":[{"href":"https:\/\/www.accountable.eu\/fr-be\/wp-json\/wp\/v2\/types\/page"}],"author":[{"embeddable":true,"href":"https:\/\/www.accountable.eu\/fr-be\/wp-json\/wp\/v2\/users\/9"}],"replies":[{"embeddable":true,"href":"https:\/\/www.accountable.eu\/fr-be\/wp-json\/wp\/v2\/comments?post=13785"}],"version-history":[{"count":0,"href":"https:\/\/www.accountable.eu\/fr-be\/wp-json\/wp\/v2\/pages\/13785\/revisions"}],"wp:featuredmedia":[{"embeddable":true,"href":"https:\/\/www.accountable.eu\/fr-be\/wp-json\/wp\/v2\/media\/1957"}],"wp:attachment":[{"href":"https:\/\/www.accountable.eu\/fr-be\/wp-json\/wp\/v2\/media?parent=13785"}],"curies":[{"name":"wp","href":"https:\/\/api.w.org\/{rel}","templated":true}]}}