{"id":13821,"date":"2018-11-02T12:30:26","date_gmt":"2018-11-02T11:30:26","guid":{"rendered":"https:\/\/prod-migration-second.local\/?page_id=13821"},"modified":"2026-03-30T14:12:33","modified_gmt":"2026-03-30T12:12:33","slug":"welcome-to-accountable-the-financial-assistant-to-the-self-employed-and-freelancers-of-belgium","status":"publish","type":"page","link":"https:\/\/www.accountable.eu\/fr-be\/","title":{"rendered":"Accountable | Vos finances. Sous contr\u00f4le."},"content":{"rendered":"<p>We build accountable to make the life of self-employed workers easier. So that they can focus on what is actually important for them. Like delivering awesomeness to their clients and simply get to spend more time with their families.<\/p>\n","protected":false},"excerpt":{"rendered":"<p>We build accountable to make the life of self-employed workers easier. So that they can focus on what is actually important for them. Like delivering awesomeness to their clients and simply get to spend more time with their families.<\/p>\n","protected":false},"author":1,"featured_media":0,"parent":0,"menu_order":0,"comment_status":"closed","ping_status":"closed","template":"page-landing-2022.php","meta":{"inline_featured_image":false,"footnotes":""},"class_list":["post-13821","page","type-page","status-publish","hentry"],"acf":[],"yoast_head":"<!-- This site is optimized with the Yoast SEO plugin v27.4 - https:\/\/yoast.com\/product\/yoast-seo-wordpress\/ -->\n<title>Accountable | Vos finances. Sous contr\u00f4le. - Accountable<\/title>\n<meta name=\"description\" content=\"Une app et une \u00e9quipe pour vous lib\u00e9rer de la paperasse et de la compta. Cr\u00e9ez votre facture, Accountable s&#039;occupe de tout le reste, imp\u00f4ts compris.\" \/>\n<meta name=\"robots\" content=\"index, follow, max-snippet:-1, max-image-preview:large, max-video-preview:-1\" \/>\n<link rel=\"canonical\" href=\"https:\/\/www.accountable.eu\/fr-be\/\" \/>\n<meta property=\"og:locale\" content=\"fr_FR\" \/>\n<meta property=\"og:type\" content=\"article\" \/>\n<meta property=\"og:title\" content=\"Accountable | Vos finances. Sous contr\u00f4le. - Accountable\" \/>\n<meta property=\"og:description\" content=\"Une app et une \u00e9quipe pour vous lib\u00e9rer de la paperasse et de la compta. Cr\u00e9ez votre facture, Accountable s&#039;occupe de tout le reste, imp\u00f4ts compris.\" \/>\n<meta property=\"og:url\" content=\"https:\/\/www.accountable.eu\/fr-be\/\" \/>\n<meta property=\"og:site_name\" content=\"Accountable\" \/>\n<meta property=\"article:modified_time\" content=\"2026-03-30T12:12:33+00:00\" \/>\n<meta name=\"twitter:card\" content=\"summary_large_image\" \/>\n<meta name=\"twitter:label1\" content=\"Dur\u00e9e de lecture est.\" \/>\n\t<meta name=\"twitter:data1\" content=\"1 minute\" \/>\n<script type=\"application\/ld+json\" class=\"yoast-schema-graph\">{\"@context\":\"https:\\\/\\\/schema.org\",\"@graph\":[{\"@type\":\"WebPage\",\"@id\":\"https:\\\/\\\/www.accountable.eu\\\/fr-be\\\/\",\"url\":\"https:\\\/\\\/www.accountable.eu\\\/fr-be\\\/\",\"name\":\"Accountable | Vos finances. Sous contr\u00f4le. - Accountable\",\"isPartOf\":{\"@id\":\"https:\\\/\\\/www.accountable.eu\\\/fr-be\\\/#website\"},\"datePublished\":\"2018-11-02T11:30:26+00:00\",\"dateModified\":\"2026-03-30T12:12:33+00:00\",\"description\":\"Une app et une \u00e9quipe pour vous lib\u00e9rer de la paperasse et de la compta. Cr\u00e9ez votre facture, Accountable s'occupe de tout le reste, imp\u00f4ts compris.\",\"breadcrumb\":{\"@id\":\"https:\\\/\\\/www.accountable.eu\\\/fr-be\\\/#breadcrumb\"},\"inLanguage\":\"fr-BE\",\"potentialAction\":[{\"@type\":\"ReadAction\",\"target\":[\"https:\\\/\\\/www.accountable.eu\\\/fr-be\\\/\"]}]},{\"@type\":\"BreadcrumbList\",\"@id\":\"https:\\\/\\\/www.accountable.eu\\\/fr-be\\\/#breadcrumb\",\"itemListElement\":[{\"@type\":\"ListItem\",\"position\":1,\"name\":\"Home\",\"item\":\"https:\\\/\\\/www.accountable.eu\\\/fr-be\\\/\"},{\"@type\":\"ListItem\",\"position\":2,\"name\":\"Accountable | Vos finances. Sous contr\u00f4le.\"}]},{\"@type\":\"WebSite\",\"@id\":\"https:\\\/\\\/www.accountable.eu\\\/fr-be\\\/#website\",\"url\":\"https:\\\/\\\/www.accountable.eu\\\/fr-be\\\/\",\"name\":\"Accountable\",\"description\":\"Your accountant and tax advisor on your smartphone\",\"publisher\":{\"@id\":\"https:\\\/\\\/www.accountable.eu\\\/fr-be\\\/#organization\"},\"potentialAction\":[{\"@type\":\"SearchAction\",\"target\":{\"@type\":\"EntryPoint\",\"urlTemplate\":\"https:\\\/\\\/www.accountable.eu\\\/fr-be\\\/?s={search_term_string}\"},\"query-input\":{\"@type\":\"PropertyValueSpecification\",\"valueRequired\":true,\"valueName\":\"search_term_string\"}}],\"inLanguage\":\"fr-BE\"},{\"@type\":\"Organization\",\"@id\":\"https:\\\/\\\/www.accountable.eu\\\/fr-be\\\/#organization\",\"name\":\"Accountable\",\"url\":\"https:\\\/\\\/www.accountable.eu\\\/fr-be\\\/\",\"logo\":{\"@type\":\"ImageObject\",\"inLanguage\":\"fr-BE\",\"@id\":\"https:\\\/\\\/www.accountable.eu\\\/fr-be\\\/#\\\/schema\\\/logo\\\/image\\\/\",\"url\":\"https:\\\/\\\/www.accountable.eu\\\/wp-content\\\/uploads\\\/2026\\\/04\\\/logo-512.png\",\"contentUrl\":\"https:\\\/\\\/www.accountable.eu\\\/wp-content\\\/uploads\\\/2026\\\/04\\\/logo-512.png\",\"width\":512,\"height\":512,\"caption\":\"Accountable\"},\"image\":{\"@id\":\"https:\\\/\\\/www.accountable.eu\\\/fr-be\\\/#\\\/schema\\\/logo\\\/image\\\/\"}}]}<\/script>\n<!-- \/ Yoast SEO plugin. -->","yoast_head_json":{"title":"Accountable | Vos finances. Sous contr\u00f4le. - Accountable","description":"Une app et une \u00e9quipe pour vous lib\u00e9rer de la paperasse et de la compta. Cr\u00e9ez votre facture, Accountable s'occupe de tout le reste, imp\u00f4ts compris.","robots":{"index":"index","follow":"follow","max-snippet":"max-snippet:-1","max-image-preview":"max-image-preview:large","max-video-preview":"max-video-preview:-1"},"canonical":"https:\/\/www.accountable.eu\/fr-be\/","og_locale":"fr_FR","og_type":"article","og_title":"Accountable | Vos finances. Sous contr\u00f4le. - Accountable","og_description":"Une app et une \u00e9quipe pour vous lib\u00e9rer de la paperasse et de la compta. Cr\u00e9ez votre facture, Accountable s'occupe de tout le reste, imp\u00f4ts compris.","og_url":"https:\/\/www.accountable.eu\/fr-be\/","og_site_name":"Accountable","article_modified_time":"2026-03-30T12:12:33+00:00","twitter_card":"summary_large_image","twitter_misc":{"Dur\u00e9e de lecture est.":"1 minute"},"schema":{"@context":"https:\/\/schema.org","@graph":[{"@type":"WebPage","@id":"https:\/\/www.accountable.eu\/fr-be\/","url":"https:\/\/www.accountable.eu\/fr-be\/","name":"Accountable | Vos finances. Sous contr\u00f4le. - Accountable","isPartOf":{"@id":"https:\/\/www.accountable.eu\/fr-be\/#website"},"datePublished":"2018-11-02T11:30:26+00:00","dateModified":"2026-03-30T12:12:33+00:00","description":"Une app et une \u00e9quipe pour vous lib\u00e9rer de la paperasse et de la compta. Cr\u00e9ez votre facture, Accountable s'occupe de tout le reste, imp\u00f4ts compris.","breadcrumb":{"@id":"https:\/\/www.accountable.eu\/fr-be\/#breadcrumb"},"inLanguage":"fr-BE","potentialAction":[{"@type":"ReadAction","target":["https:\/\/www.accountable.eu\/fr-be\/"]}]},{"@type":"BreadcrumbList","@id":"https:\/\/www.accountable.eu\/fr-be\/#breadcrumb","itemListElement":[{"@type":"ListItem","position":1,"name":"Home","item":"https:\/\/www.accountable.eu\/fr-be\/"},{"@type":"ListItem","position":2,"name":"Accountable | Vos finances. Sous contr\u00f4le."}]},{"@type":"WebSite","@id":"https:\/\/www.accountable.eu\/fr-be\/#website","url":"https:\/\/www.accountable.eu\/fr-be\/","name":"Accountable","description":"Your accountant and tax advisor on your smartphone","publisher":{"@id":"https:\/\/www.accountable.eu\/fr-be\/#organization"},"potentialAction":[{"@type":"SearchAction","target":{"@type":"EntryPoint","urlTemplate":"https:\/\/www.accountable.eu\/fr-be\/?s={search_term_string}"},"query-input":{"@type":"PropertyValueSpecification","valueRequired":true,"valueName":"search_term_string"}}],"inLanguage":"fr-BE"},{"@type":"Organization","@id":"https:\/\/www.accountable.eu\/fr-be\/#organization","name":"Accountable","url":"https:\/\/www.accountable.eu\/fr-be\/","logo":{"@type":"ImageObject","inLanguage":"fr-BE","@id":"https:\/\/www.accountable.eu\/fr-be\/#\/schema\/logo\/image\/","url":"https:\/\/www.accountable.eu\/wp-content\/uploads\/2026\/04\/logo-512.png","contentUrl":"https:\/\/www.accountable.eu\/wp-content\/uploads\/2026\/04\/logo-512.png","width":512,"height":512,"caption":"Accountable"},"image":{"@id":"https:\/\/www.accountable.eu\/fr-be\/#\/schema\/logo\/image\/"}}]}},"_links":{"self":[{"href":"https:\/\/www.accountable.eu\/fr-be\/wp-json\/wp\/v2\/pages\/13821","targetHints":{"allow":["GET"]}}],"collection":[{"href":"https:\/\/www.accountable.eu\/fr-be\/wp-json\/wp\/v2\/pages"}],"about":[{"href":"https:\/\/www.accountable.eu\/fr-be\/wp-json\/wp\/v2\/types\/page"}],"author":[{"embeddable":true,"href":"https:\/\/www.accountable.eu\/fr-be\/wp-json\/wp\/v2\/users\/1"}],"replies":[{"embeddable":true,"href":"https:\/\/www.accountable.eu\/fr-be\/wp-json\/wp\/v2\/comments?post=13821"}],"version-history":[{"count":5,"href":"https:\/\/www.accountable.eu\/fr-be\/wp-json\/wp\/v2\/pages\/13821\/revisions"}],"predecessor-version":[{"id":22533,"href":"https:\/\/www.accountable.eu\/fr-be\/wp-json\/wp\/v2\/pages\/13821\/revisions\/22533"}],"wp:attachment":[{"href":"https:\/\/www.accountable.eu\/fr-be\/wp-json\/wp\/v2\/media?parent=13821"}],"curies":[{"name":"wp","href":"https:\/\/api.w.org\/{rel}","templated":true}]}}