{"id":18489,"date":"2025-05-05T15:30:28","date_gmt":"2025-05-05T13:30:28","guid":{"rendered":"https:\/\/www.accountable.eu\/?page_id=18489"},"modified":"2025-06-02T17:30:39","modified_gmt":"2025-06-02T15:30:39","slug":"ambassadeurs","status":"publish","type":"page","link":"https:\/\/www.accountable.eu\/fr-be\/ambassadeurs\/","title":{"rendered":"Accountable Ambassadeurs"},"content":{"rendered":"","protected":false},"excerpt":{"rendered":"","protected":false},"author":24,"featured_media":0,"parent":0,"menu_order":0,"comment_status":"closed","ping_status":"closed","template":"template-ambassadors.php","meta":{"inline_featured_image":false,"footnotes":""},"class_list":["post-18489","page","type-page","status-publish","hentry"],"acf":[],"yoast_head":"<!-- This site is optimized with the Yoast SEO plugin v25.7 - https:\/\/yoast.com\/wordpress\/plugins\/seo\/ -->\n<title>Accountable Ambassadeurs - Accountable<\/title>\n<meta name=\"description\" content=\"D\u00e9couvrez les Ambassadeurs d&#039;Accountable : des experts en cr\u00e9ation de contenu qui ont fait de leur passion leur m\u00e9tier.\" \/>\n<meta name=\"robots\" content=\"index, follow, max-snippet:-1, max-image-preview:large, max-video-preview:-1\" \/>\n<link rel=\"canonical\" href=\"https:\/\/www.accountable.eu\/fr-be\/ambassadeurs\/\" \/>\n<meta property=\"og:locale\" content=\"fr_FR\" \/>\n<meta property=\"og:type\" content=\"article\" \/>\n<meta property=\"og:title\" content=\"Accountable Ambassadeurs - Accountable\" \/>\n<meta property=\"og:description\" content=\"D\u00e9couvrez les Ambassadeurs d&#039;Accountable : des experts en cr\u00e9ation de contenu qui ont fait de leur passion leur m\u00e9tier.\" \/>\n<meta property=\"og:url\" content=\"https:\/\/www.accountable.eu\/fr-be\/ambassadeurs\/\" \/>\n<meta property=\"og:site_name\" content=\"Accountable\" \/>\n<meta property=\"article:modified_time\" content=\"2025-06-02T15:30:39+00:00\" \/>\n<meta name=\"twitter:card\" content=\"summary_large_image\" \/>\n<script type=\"application\/ld+json\" class=\"yoast-schema-graph\">{\"@context\":\"https:\/\/schema.org\",\"@graph\":[{\"@type\":\"WebPage\",\"@id\":\"https:\/\/www.accountable.eu\/fr-be\/ambassadeurs\/\",\"url\":\"https:\/\/www.accountable.eu\/fr-be\/ambassadeurs\/\",\"name\":\"Accountable Ambassadeurs - Accountable\",\"isPartOf\":{\"@id\":\"https:\/\/www.accountable.eu\/fr-be\/#website\"},\"datePublished\":\"2025-05-05T13:30:28+00:00\",\"dateModified\":\"2025-06-02T15:30:39+00:00\",\"description\":\"D\u00e9couvrez les Ambassadeurs d'Accountable : des experts en cr\u00e9ation de contenu qui ont fait de leur passion leur m\u00e9tier.\",\"breadcrumb\":{\"@id\":\"https:\/\/www.accountable.eu\/fr-be\/ambassadeurs\/#breadcrumb\"},\"inLanguage\":\"fr-BE\",\"potentialAction\":[{\"@type\":\"ReadAction\",\"target\":[\"https:\/\/www.accountable.eu\/fr-be\/ambassadeurs\/\"]}]},{\"@type\":\"BreadcrumbList\",\"@id\":\"https:\/\/www.accountable.eu\/fr-be\/ambassadeurs\/#breadcrumb\",\"itemListElement\":[{\"@type\":\"ListItem\",\"position\":1,\"name\":\"Home\",\"item\":\"https:\/\/www.accountable.eu\/fr-be\/\"},{\"@type\":\"ListItem\",\"position\":2,\"name\":\"Accountable Ambassadeurs\"}]},{\"@type\":\"WebSite\",\"@id\":\"https:\/\/www.accountable.eu\/fr-be\/#website\",\"url\":\"https:\/\/www.accountable.eu\/fr-be\/\",\"name\":\"Accountable\",\"description\":\"Your accountant and tax advisor on your smartphone\",\"potentialAction\":[{\"@type\":\"SearchAction\",\"target\":{\"@type\":\"EntryPoint\",\"urlTemplate\":\"https:\/\/www.accountable.eu\/fr-be\/?s={search_term_string}\"},\"query-input\":{\"@type\":\"PropertyValueSpecification\",\"valueRequired\":true,\"valueName\":\"search_term_string\"}}],\"inLanguage\":\"fr-BE\"}]}<\/script>\n<!-- \/ Yoast SEO plugin. -->","yoast_head_json":{"title":"Accountable Ambassadeurs - Accountable","description":"D\u00e9couvrez les Ambassadeurs d'Accountable : des experts en cr\u00e9ation de contenu qui ont fait de leur passion leur m\u00e9tier.","robots":{"index":"index","follow":"follow","max-snippet":"max-snippet:-1","max-image-preview":"max-image-preview:large","max-video-preview":"max-video-preview:-1"},"canonical":"https:\/\/www.accountable.eu\/fr-be\/ambassadeurs\/","og_locale":"fr_FR","og_type":"article","og_title":"Accountable Ambassadeurs - Accountable","og_description":"D\u00e9couvrez les Ambassadeurs d'Accountable : des experts en cr\u00e9ation de contenu qui ont fait de leur passion leur m\u00e9tier.","og_url":"https:\/\/www.accountable.eu\/fr-be\/ambassadeurs\/","og_site_name":"Accountable","article_modified_time":"2025-06-02T15:30:39+00:00","twitter_card":"summary_large_image","schema":{"@context":"https:\/\/schema.org","@graph":[{"@type":"WebPage","@id":"https:\/\/www.accountable.eu\/fr-be\/ambassadeurs\/","url":"https:\/\/www.accountable.eu\/fr-be\/ambassadeurs\/","name":"Accountable Ambassadeurs - Accountable","isPartOf":{"@id":"https:\/\/www.accountable.eu\/fr-be\/#website"},"datePublished":"2025-05-05T13:30:28+00:00","dateModified":"2025-06-02T15:30:39+00:00","description":"D\u00e9couvrez les Ambassadeurs d'Accountable : des experts en cr\u00e9ation de contenu qui ont fait de leur passion leur m\u00e9tier.","breadcrumb":{"@id":"https:\/\/www.accountable.eu\/fr-be\/ambassadeurs\/#breadcrumb"},"inLanguage":"fr-BE","potentialAction":[{"@type":"ReadAction","target":["https:\/\/www.accountable.eu\/fr-be\/ambassadeurs\/"]}]},{"@type":"BreadcrumbList","@id":"https:\/\/www.accountable.eu\/fr-be\/ambassadeurs\/#breadcrumb","itemListElement":[{"@type":"ListItem","position":1,"name":"Home","item":"https:\/\/www.accountable.eu\/fr-be\/"},{"@type":"ListItem","position":2,"name":"Accountable Ambassadeurs"}]},{"@type":"WebSite","@id":"https:\/\/www.accountable.eu\/fr-be\/#website","url":"https:\/\/www.accountable.eu\/fr-be\/","name":"Accountable","description":"Your accountant and tax advisor on your smartphone","potentialAction":[{"@type":"SearchAction","target":{"@type":"EntryPoint","urlTemplate":"https:\/\/www.accountable.eu\/fr-be\/?s={search_term_string}"},"query-input":{"@type":"PropertyValueSpecification","valueRequired":true,"valueName":"search_term_string"}}],"inLanguage":"fr-BE"}]}},"_links":{"self":[{"href":"https:\/\/www.accountable.eu\/fr-be\/wp-json\/wp\/v2\/pages\/18489","targetHints":{"allow":["GET"]}}],"collection":[{"href":"https:\/\/www.accountable.eu\/fr-be\/wp-json\/wp\/v2\/pages"}],"about":[{"href":"https:\/\/www.accountable.eu\/fr-be\/wp-json\/wp\/v2\/types\/page"}],"author":[{"embeddable":true,"href":"https:\/\/www.accountable.eu\/fr-be\/wp-json\/wp\/v2\/users\/24"}],"replies":[{"embeddable":true,"href":"https:\/\/www.accountable.eu\/fr-be\/wp-json\/wp\/v2\/comments?post=18489"}],"version-history":[{"count":0,"href":"https:\/\/www.accountable.eu\/fr-be\/wp-json\/wp\/v2\/pages\/18489\/revisions"}],"wp:attachment":[{"href":"https:\/\/www.accountable.eu\/fr-be\/wp-json\/wp\/v2\/media?parent=18489"}],"curies":[{"name":"wp","href":"https:\/\/api.w.org\/{rel}","templated":true}]}}