{"id":19946,"date":"2025-12-03T11:31:21","date_gmt":"2025-12-03T10:31:21","guid":{"rendered":"https:\/\/www.accountable.eu\/?page_id=19946"},"modified":"2025-12-03T13:27:54","modified_gmt":"2025-12-03T12:27:54","slug":"la-garantie-detre-toujours-correct-au-meilleur-prix","status":"publish","type":"page","link":"https:\/\/www.accountable.eu\/fr-be\/la-garantie-detre-toujours-correct-au-meilleur-prix\/","title":{"rendered":"La garantie d\u2019\u00eatre toujours correct au meilleur prix."},"content":{"rendered":"","protected":false},"excerpt":{"rendered":"","protected":false},"author":26,"featured_media":0,"parent":0,"menu_order":0,"comment_status":"closed","ping_status":"closed","template":"page-pricing.php","meta":{"inline_featured_image":false,"footnotes":""},"class_list":["post-19946","page","type-page","status-publish","hentry"],"acf":[],"yoast_head":"<!-- This site is optimized with the Yoast SEO plugin v25.7 - https:\/\/yoast.com\/wordpress\/plugins\/seo\/ -->\n<title>Accountable prix : La garantie d\u2019\u00eatre toujours correct - Accountable<\/title>\n<meta name=\"description\" content=\"Ce prix comprend nos r\u00e9ponses \u00e0 vos questions. Vous annulez votre abonnement quand vous voulez. Accountable est d\u00e9ductible \u00e0 100%.\" \/>\n<meta name=\"robots\" content=\"noindex, follow\" \/>\n<meta property=\"og:locale\" content=\"fr_FR\" \/>\n<meta property=\"og:type\" content=\"article\" \/>\n<meta property=\"og:title\" content=\"Accountable prix : La garantie d\u2019\u00eatre toujours correct - Accountable\" \/>\n<meta property=\"og:description\" content=\"Ce prix comprend nos r\u00e9ponses \u00e0 vos questions. Vous annulez votre abonnement quand vous voulez. Accountable est d\u00e9ductible \u00e0 100%.\" \/>\n<meta property=\"og:url\" content=\"https:\/\/www.accountable.eu\/fr-be\/la-garantie-detre-toujours-correct-au-meilleur-prix\/\" \/>\n<meta property=\"og:site_name\" content=\"Accountable\" \/>\n<meta property=\"article:modified_time\" content=\"2025-12-03T12:27:54+00:00\" \/>\n<meta name=\"twitter:card\" content=\"summary_large_image\" \/>\n<script type=\"application\/ld+json\" class=\"yoast-schema-graph\">{\"@context\":\"https:\/\/schema.org\",\"@graph\":[{\"@type\":\"WebPage\",\"@id\":\"https:\/\/www.accountable.eu\/fr-be\/la-garantie-detre-toujours-correct-au-meilleur-prix\/\",\"url\":\"https:\/\/www.accountable.eu\/fr-be\/la-garantie-detre-toujours-correct-au-meilleur-prix\/\",\"name\":\"Accountable prix : La garantie d\u2019\u00eatre toujours correct - Accountable\",\"isPartOf\":{\"@id\":\"https:\/\/www.accountable.eu\/fr-be\/#website\"},\"datePublished\":\"2025-12-03T10:31:21+00:00\",\"dateModified\":\"2025-12-03T12:27:54+00:00\",\"description\":\"Ce prix comprend nos r\u00e9ponses \u00e0 vos questions. Vous annulez votre abonnement quand vous voulez. Accountable est d\u00e9ductible \u00e0 100%.\",\"breadcrumb\":{\"@id\":\"https:\/\/www.accountable.eu\/fr-be\/la-garantie-detre-toujours-correct-au-meilleur-prix\/#breadcrumb\"},\"inLanguage\":\"fr-BE\",\"potentialAction\":[{\"@type\":\"ReadAction\",\"target\":[\"https:\/\/www.accountable.eu\/fr-be\/la-garantie-detre-toujours-correct-au-meilleur-prix\/\"]}]},{\"@type\":\"BreadcrumbList\",\"@id\":\"https:\/\/www.accountable.eu\/fr-be\/la-garantie-detre-toujours-correct-au-meilleur-prix\/#breadcrumb\",\"itemListElement\":[{\"@type\":\"ListItem\",\"position\":1,\"name\":\"Home\",\"item\":\"https:\/\/www.accountable.eu\/fr-be\/\"},{\"@type\":\"ListItem\",\"position\":2,\"name\":\"La garantie d\u2019\u00eatre toujours correct au meilleur prix.\"}]},{\"@type\":\"WebSite\",\"@id\":\"https:\/\/www.accountable.eu\/fr-be\/#website\",\"url\":\"https:\/\/www.accountable.eu\/fr-be\/\",\"name\":\"Accountable\",\"description\":\"Your accountant and tax advisor on your smartphone\",\"potentialAction\":[{\"@type\":\"SearchAction\",\"target\":{\"@type\":\"EntryPoint\",\"urlTemplate\":\"https:\/\/www.accountable.eu\/fr-be\/?s={search_term_string}\"},\"query-input\":{\"@type\":\"PropertyValueSpecification\",\"valueRequired\":true,\"valueName\":\"search_term_string\"}}],\"inLanguage\":\"fr-BE\"}]}<\/script>\n<!-- \/ Yoast SEO plugin. -->","yoast_head_json":{"title":"Accountable prix : La garantie d\u2019\u00eatre toujours correct - Accountable","description":"Ce prix comprend nos r\u00e9ponses \u00e0 vos questions. Vous annulez votre abonnement quand vous voulez. Accountable est d\u00e9ductible \u00e0 100%.","robots":{"index":"noindex","follow":"follow"},"og_locale":"fr_FR","og_type":"article","og_title":"Accountable prix : La garantie d\u2019\u00eatre toujours correct - Accountable","og_description":"Ce prix comprend nos r\u00e9ponses \u00e0 vos questions. Vous annulez votre abonnement quand vous voulez. Accountable est d\u00e9ductible \u00e0 100%.","og_url":"https:\/\/www.accountable.eu\/fr-be\/la-garantie-detre-toujours-correct-au-meilleur-prix\/","og_site_name":"Accountable","article_modified_time":"2025-12-03T12:27:54+00:00","twitter_card":"summary_large_image","schema":{"@context":"https:\/\/schema.org","@graph":[{"@type":"WebPage","@id":"https:\/\/www.accountable.eu\/fr-be\/la-garantie-detre-toujours-correct-au-meilleur-prix\/","url":"https:\/\/www.accountable.eu\/fr-be\/la-garantie-detre-toujours-correct-au-meilleur-prix\/","name":"Accountable prix : La garantie d\u2019\u00eatre toujours correct - Accountable","isPartOf":{"@id":"https:\/\/www.accountable.eu\/fr-be\/#website"},"datePublished":"2025-12-03T10:31:21+00:00","dateModified":"2025-12-03T12:27:54+00:00","description":"Ce prix comprend nos r\u00e9ponses \u00e0 vos questions. Vous annulez votre abonnement quand vous voulez. Accountable est d\u00e9ductible \u00e0 100%.","breadcrumb":{"@id":"https:\/\/www.accountable.eu\/fr-be\/la-garantie-detre-toujours-correct-au-meilleur-prix\/#breadcrumb"},"inLanguage":"fr-BE","potentialAction":[{"@type":"ReadAction","target":["https:\/\/www.accountable.eu\/fr-be\/la-garantie-detre-toujours-correct-au-meilleur-prix\/"]}]},{"@type":"BreadcrumbList","@id":"https:\/\/www.accountable.eu\/fr-be\/la-garantie-detre-toujours-correct-au-meilleur-prix\/#breadcrumb","itemListElement":[{"@type":"ListItem","position":1,"name":"Home","item":"https:\/\/www.accountable.eu\/fr-be\/"},{"@type":"ListItem","position":2,"name":"La garantie d\u2019\u00eatre toujours correct au meilleur prix."}]},{"@type":"WebSite","@id":"https:\/\/www.accountable.eu\/fr-be\/#website","url":"https:\/\/www.accountable.eu\/fr-be\/","name":"Accountable","description":"Your accountant and tax advisor on your smartphone","potentialAction":[{"@type":"SearchAction","target":{"@type":"EntryPoint","urlTemplate":"https:\/\/www.accountable.eu\/fr-be\/?s={search_term_string}"},"query-input":{"@type":"PropertyValueSpecification","valueRequired":true,"valueName":"search_term_string"}}],"inLanguage":"fr-BE"}]}},"_links":{"self":[{"href":"https:\/\/www.accountable.eu\/fr-be\/wp-json\/wp\/v2\/pages\/19946","targetHints":{"allow":["GET"]}}],"collection":[{"href":"https:\/\/www.accountable.eu\/fr-be\/wp-json\/wp\/v2\/pages"}],"about":[{"href":"https:\/\/www.accountable.eu\/fr-be\/wp-json\/wp\/v2\/types\/page"}],"author":[{"embeddable":true,"href":"https:\/\/www.accountable.eu\/fr-be\/wp-json\/wp\/v2\/users\/26"}],"replies":[{"embeddable":true,"href":"https:\/\/www.accountable.eu\/fr-be\/wp-json\/wp\/v2\/comments?post=19946"}],"version-history":[{"count":0,"href":"https:\/\/www.accountable.eu\/fr-be\/wp-json\/wp\/v2\/pages\/19946\/revisions"}],"wp:attachment":[{"href":"https:\/\/www.accountable.eu\/fr-be\/wp-json\/wp\/v2\/media?parent=19946"}],"curies":[{"name":"wp","href":"https:\/\/api.w.org\/{rel}","templated":true}]}}