{"id":20897,"date":"2026-02-09T10:02:47","date_gmt":"2026-02-09T09:02:47","guid":{"rendered":"https:\/\/www.accountable.eu\/?page_id=20897"},"modified":"2026-03-10T15:01:52","modified_gmt":"2026-03-10T14:01:52","slug":"banking","status":"publish","type":"page","link":"https:\/\/www.accountable.eu\/fr-be\/banking\/","title":{"rendered":"Accountable Banking FR"},"content":{"rendered":"","protected":false},"excerpt":{"rendered":"","protected":false},"author":24,"featured_media":0,"parent":0,"menu_order":0,"comment_status":"closed","ping_status":"closed","template":"template-banking.php","meta":{"inline_featured_image":false,"footnotes":""},"class_list":["post-20897","page","type-page","status-publish","hentry"],"acf":[],"yoast_head":"<!-- This site is optimized with the Yoast SEO plugin v25.7 - https:\/\/yoast.com\/wordpress\/plugins\/seo\/ -->\n<title>Le compte pro gratuit avec \u00e9pargne fiscale - Accountable<\/title>\n<meta name=\"description\" content=\"Le seul compte professionel gratuit en Belgique qui met automatiquement de l&#039;argent de cot\u00e9 pour les imp\u00f4ts. Con\u00e7u pour les ind\u00e9pendants.\" \/>\n<meta name=\"robots\" content=\"index, follow, max-snippet:-1, max-image-preview:large, max-video-preview:-1\" \/>\n<link rel=\"canonical\" href=\"https:\/\/www.accountable.eu\/fr-be\/banking\/\" \/>\n<meta property=\"og:locale\" content=\"fr_FR\" \/>\n<meta property=\"og:type\" content=\"article\" \/>\n<meta property=\"og:title\" content=\"Le compte pro gratuit avec \u00e9pargne fiscale - Accountable\" \/>\n<meta property=\"og:description\" content=\"Le seul compte professionel gratuit en Belgique qui met automatiquement de l&#039;argent de cot\u00e9 pour les imp\u00f4ts. Con\u00e7u pour les ind\u00e9pendants.\" \/>\n<meta property=\"og:url\" content=\"https:\/\/www.accountable.eu\/fr-be\/banking\/\" \/>\n<meta property=\"og:site_name\" content=\"Accountable\" \/>\n<meta property=\"article:modified_time\" content=\"2026-03-10T14:01:52+00:00\" \/>\n<meta name=\"twitter:card\" content=\"summary_large_image\" \/>\n<script type=\"application\/ld+json\" class=\"yoast-schema-graph\">{\"@context\":\"https:\/\/schema.org\",\"@graph\":[{\"@type\":\"WebPage\",\"@id\":\"https:\/\/www.accountable.eu\/fr-be\/banking\/\",\"url\":\"https:\/\/www.accountable.eu\/fr-be\/banking\/\",\"name\":\"Le compte pro gratuit avec \u00e9pargne fiscale - Accountable\",\"isPartOf\":{\"@id\":\"https:\/\/www.accountable.eu\/fr-be\/#website\"},\"datePublished\":\"2026-02-09T09:02:47+00:00\",\"dateModified\":\"2026-03-10T14:01:52+00:00\",\"description\":\"Le seul compte professionel gratuit en Belgique qui met automatiquement de l'argent de cot\u00e9 pour les imp\u00f4ts. Con\u00e7u pour les ind\u00e9pendants.\",\"breadcrumb\":{\"@id\":\"https:\/\/www.accountable.eu\/fr-be\/banking\/#breadcrumb\"},\"inLanguage\":\"fr-BE\",\"potentialAction\":[{\"@type\":\"ReadAction\",\"target\":[\"https:\/\/www.accountable.eu\/fr-be\/banking\/\"]}]},{\"@type\":\"BreadcrumbList\",\"@id\":\"https:\/\/www.accountable.eu\/fr-be\/banking\/#breadcrumb\",\"itemListElement\":[{\"@type\":\"ListItem\",\"position\":1,\"name\":\"Home\",\"item\":\"https:\/\/www.accountable.eu\/fr-be\/\"},{\"@type\":\"ListItem\",\"position\":2,\"name\":\"Accountable Banking FR\"}]},{\"@type\":\"WebSite\",\"@id\":\"https:\/\/www.accountable.eu\/fr-be\/#website\",\"url\":\"https:\/\/www.accountable.eu\/fr-be\/\",\"name\":\"Accountable\",\"description\":\"Your accountant and tax advisor on your smartphone\",\"potentialAction\":[{\"@type\":\"SearchAction\",\"target\":{\"@type\":\"EntryPoint\",\"urlTemplate\":\"https:\/\/www.accountable.eu\/fr-be\/?s={search_term_string}\"},\"query-input\":{\"@type\":\"PropertyValueSpecification\",\"valueRequired\":true,\"valueName\":\"search_term_string\"}}],\"inLanguage\":\"fr-BE\"}]}<\/script>\n<!-- \/ Yoast SEO plugin. -->","yoast_head_json":{"title":"Le compte pro gratuit avec \u00e9pargne fiscale - Accountable","description":"Le seul compte professionel gratuit en Belgique qui met automatiquement de l'argent de cot\u00e9 pour les imp\u00f4ts. Con\u00e7u pour les ind\u00e9pendants.","robots":{"index":"index","follow":"follow","max-snippet":"max-snippet:-1","max-image-preview":"max-image-preview:large","max-video-preview":"max-video-preview:-1"},"canonical":"https:\/\/www.accountable.eu\/fr-be\/banking\/","og_locale":"fr_FR","og_type":"article","og_title":"Le compte pro gratuit avec \u00e9pargne fiscale - Accountable","og_description":"Le seul compte professionel gratuit en Belgique qui met automatiquement de l'argent de cot\u00e9 pour les imp\u00f4ts. Con\u00e7u pour les ind\u00e9pendants.","og_url":"https:\/\/www.accountable.eu\/fr-be\/banking\/","og_site_name":"Accountable","article_modified_time":"2026-03-10T14:01:52+00:00","twitter_card":"summary_large_image","schema":{"@context":"https:\/\/schema.org","@graph":[{"@type":"WebPage","@id":"https:\/\/www.accountable.eu\/fr-be\/banking\/","url":"https:\/\/www.accountable.eu\/fr-be\/banking\/","name":"Le compte pro gratuit avec \u00e9pargne fiscale - Accountable","isPartOf":{"@id":"https:\/\/www.accountable.eu\/fr-be\/#website"},"datePublished":"2026-02-09T09:02:47+00:00","dateModified":"2026-03-10T14:01:52+00:00","description":"Le seul compte professionel gratuit en Belgique qui met automatiquement de l'argent de cot\u00e9 pour les imp\u00f4ts. Con\u00e7u pour les ind\u00e9pendants.","breadcrumb":{"@id":"https:\/\/www.accountable.eu\/fr-be\/banking\/#breadcrumb"},"inLanguage":"fr-BE","potentialAction":[{"@type":"ReadAction","target":["https:\/\/www.accountable.eu\/fr-be\/banking\/"]}]},{"@type":"BreadcrumbList","@id":"https:\/\/www.accountable.eu\/fr-be\/banking\/#breadcrumb","itemListElement":[{"@type":"ListItem","position":1,"name":"Home","item":"https:\/\/www.accountable.eu\/fr-be\/"},{"@type":"ListItem","position":2,"name":"Accountable Banking FR"}]},{"@type":"WebSite","@id":"https:\/\/www.accountable.eu\/fr-be\/#website","url":"https:\/\/www.accountable.eu\/fr-be\/","name":"Accountable","description":"Your accountant and tax advisor on your smartphone","potentialAction":[{"@type":"SearchAction","target":{"@type":"EntryPoint","urlTemplate":"https:\/\/www.accountable.eu\/fr-be\/?s={search_term_string}"},"query-input":{"@type":"PropertyValueSpecification","valueRequired":true,"valueName":"search_term_string"}}],"inLanguage":"fr-BE"}]}},"_links":{"self":[{"href":"https:\/\/www.accountable.eu\/fr-be\/wp-json\/wp\/v2\/pages\/20897","targetHints":{"allow":["GET"]}}],"collection":[{"href":"https:\/\/www.accountable.eu\/fr-be\/wp-json\/wp\/v2\/pages"}],"about":[{"href":"https:\/\/www.accountable.eu\/fr-be\/wp-json\/wp\/v2\/types\/page"}],"author":[{"embeddable":true,"href":"https:\/\/www.accountable.eu\/fr-be\/wp-json\/wp\/v2\/users\/24"}],"replies":[{"embeddable":true,"href":"https:\/\/www.accountable.eu\/fr-be\/wp-json\/wp\/v2\/comments?post=20897"}],"version-history":[{"count":4,"href":"https:\/\/www.accountable.eu\/fr-be\/wp-json\/wp\/v2\/pages\/20897\/revisions"}],"predecessor-version":[{"id":21385,"href":"https:\/\/www.accountable.eu\/fr-be\/wp-json\/wp\/v2\/pages\/20897\/revisions\/21385"}],"wp:attachment":[{"href":"https:\/\/www.accountable.eu\/fr-be\/wp-json\/wp\/v2\/media?parent=20897"}],"curies":[{"name":"wp","href":"https:\/\/api.w.org\/{rel}","templated":true}]}}