{"id":20747,"date":"2026-01-14T13:13:25","date_gmt":"2026-01-14T12:13:25","guid":{"rendered":"https:\/\/www.accountable.eu\/?page_id=20747"},"modified":"2026-01-14T13:23:25","modified_gmt":"2026-01-14T12:23:25","slug":"accountable-al-je-financien-in-een-app","status":"publish","type":"page","link":"https:\/\/www.accountable.eu\/nl-be\/accountable-al-je-financien-in-een-app\/","title":{"rendered":"Accountable | Al je financi\u00ebn in \u00e9\u00e9n app."},"content":{"rendered":"<p>We build accountable to make the life of self-employed workers easier. So that they can focus on what is actually important for them. Like delivering awesomeness to their clients and simply get to spend more time with their families.<\/p>\n","protected":false},"excerpt":{"rendered":"<p>We build accountable to make the life of self-employed workers easier. So that they can focus on what is actually important for them. Like delivering awesomeness to their clients and simply get to spend more time with their families.<\/p>\n","protected":false},"author":36,"featured_media":0,"parent":0,"menu_order":0,"comment_status":"closed","ping_status":"closed","template":"page-landing-2022.php","meta":{"inline_featured_image":false,"footnotes":""},"class_list":["post-20747","page","type-page","status-publish","hentry"],"acf":[],"yoast_head":"<!-- This site is optimized with the Yoast SEO plugin v27.4 - https:\/\/yoast.com\/product\/yoast-seo-wordpress\/ -->\n<title>Accountable | Al je financi\u00ebn in \u00e9\u00e9n app. - Accountable<\/title>\n<meta name=\"description\" content=\"Realtime boekhouding voor freelancers en zelfstandigen. Verstuur professionele facturen, houd je uitgaven bij, zorg voor je belastingbetalingen. Begin nu gratis\" \/>\n<meta name=\"robots\" content=\"index, follow, max-snippet:-1, max-image-preview:large, max-video-preview:-1\" \/>\n<link rel=\"canonical\" href=\"https:\/\/www.accountable.eu\/nl-be\/accountable-al-je-financien-in-een-app\/\" \/>\n<meta property=\"og:locale\" content=\"nl_BE\" \/>\n<meta property=\"og:type\" content=\"article\" \/>\n<meta property=\"og:title\" content=\"Accountable | Al je financi\u00ebn in \u00e9\u00e9n app. - Accountable\" \/>\n<meta property=\"og:description\" content=\"Realtime boekhouding voor freelancers en zelfstandigen. Verstuur professionele facturen, houd je uitgaven bij, zorg voor je belastingbetalingen. Begin nu gratis\" \/>\n<meta property=\"og:url\" content=\"https:\/\/www.accountable.eu\/nl-be\/accountable-al-je-financien-in-een-app\/\" \/>\n<meta property=\"og:site_name\" content=\"Accountable\" \/>\n<meta property=\"article:modified_time\" content=\"2026-01-14T12:23:25+00:00\" \/>\n<meta name=\"twitter:card\" content=\"summary_large_image\" \/>\n<meta name=\"twitter:label1\" content=\"Geschatte leestijd\" \/>\n\t<meta name=\"twitter:data1\" content=\"1 minuut\" \/>\n<script type=\"application\/ld+json\" class=\"yoast-schema-graph\">{\"@context\":\"https:\\\/\\\/schema.org\",\"@graph\":[{\"@type\":\"WebPage\",\"@id\":\"https:\\\/\\\/www.accountable.eu\\\/nl-be\\\/accountable-al-je-financien-in-een-app\\\/\",\"url\":\"https:\\\/\\\/www.accountable.eu\\\/nl-be\\\/accountable-al-je-financien-in-een-app\\\/\",\"name\":\"Accountable | Al je financi\u00ebn in \u00e9\u00e9n app. - Accountable\",\"isPartOf\":{\"@id\":\"https:\\\/\\\/www.accountable.eu\\\/nl-be\\\/#website\"},\"datePublished\":\"2026-01-14T12:13:25+00:00\",\"dateModified\":\"2026-01-14T12:23:25+00:00\",\"description\":\"Realtime boekhouding voor freelancers en zelfstandigen. Verstuur professionele facturen, houd je uitgaven bij, zorg voor je belastingbetalingen. Begin nu gratis\",\"breadcrumb\":{\"@id\":\"https:\\\/\\\/www.accountable.eu\\\/nl-be\\\/accountable-al-je-financien-in-een-app\\\/#breadcrumb\"},\"inLanguage\":\"nl-BE\",\"potentialAction\":[{\"@type\":\"ReadAction\",\"target\":[\"https:\\\/\\\/www.accountable.eu\\\/nl-be\\\/accountable-al-je-financien-in-een-app\\\/\"]}]},{\"@type\":\"BreadcrumbList\",\"@id\":\"https:\\\/\\\/www.accountable.eu\\\/nl-be\\\/accountable-al-je-financien-in-een-app\\\/#breadcrumb\",\"itemListElement\":[{\"@type\":\"ListItem\",\"position\":1,\"name\":\"Home\",\"item\":\"https:\\\/\\\/www.accountable.eu\\\/nl-be\\\/\"},{\"@type\":\"ListItem\",\"position\":2,\"name\":\"Accountable | Al je financi\u00ebn in \u00e9\u00e9n app.\"}]},{\"@type\":\"WebSite\",\"@id\":\"https:\\\/\\\/www.accountable.eu\\\/nl-be\\\/#website\",\"url\":\"https:\\\/\\\/www.accountable.eu\\\/nl-be\\\/\",\"name\":\"Accountable\",\"description\":\"Your accountant and tax advisor on your smartphone\",\"publisher\":{\"@id\":\"https:\\\/\\\/www.accountable.eu\\\/nl-be\\\/#organization\"},\"potentialAction\":[{\"@type\":\"SearchAction\",\"target\":{\"@type\":\"EntryPoint\",\"urlTemplate\":\"https:\\\/\\\/www.accountable.eu\\\/nl-be\\\/?s={search_term_string}\"},\"query-input\":{\"@type\":\"PropertyValueSpecification\",\"valueRequired\":true,\"valueName\":\"search_term_string\"}}],\"inLanguage\":\"nl-BE\"},{\"@type\":\"Organization\",\"@id\":\"https:\\\/\\\/www.accountable.eu\\\/nl-be\\\/#organization\",\"name\":\"Accountable\",\"url\":\"https:\\\/\\\/www.accountable.eu\\\/nl-be\\\/\",\"logo\":{\"@type\":\"ImageObject\",\"inLanguage\":\"nl-BE\",\"@id\":\"https:\\\/\\\/www.accountable.eu\\\/nl-be\\\/#\\\/schema\\\/logo\\\/image\\\/\",\"url\":\"https:\\\/\\\/www.accountable.eu\\\/wp-content\\\/uploads\\\/2026\\\/04\\\/logo-512.png\",\"contentUrl\":\"https:\\\/\\\/www.accountable.eu\\\/wp-content\\\/uploads\\\/2026\\\/04\\\/logo-512.png\",\"width\":512,\"height\":512,\"caption\":\"Accountable\"},\"image\":{\"@id\":\"https:\\\/\\\/www.accountable.eu\\\/nl-be\\\/#\\\/schema\\\/logo\\\/image\\\/\"}}]}<\/script>\n<!-- \/ Yoast SEO plugin. -->","yoast_head_json":{"title":"Accountable | Al je financi\u00ebn in \u00e9\u00e9n app. - Accountable","description":"Realtime boekhouding voor freelancers en zelfstandigen. Verstuur professionele facturen, houd je uitgaven bij, zorg voor je belastingbetalingen. Begin nu gratis","robots":{"index":"index","follow":"follow","max-snippet":"max-snippet:-1","max-image-preview":"max-image-preview:large","max-video-preview":"max-video-preview:-1"},"canonical":"https:\/\/www.accountable.eu\/nl-be\/accountable-al-je-financien-in-een-app\/","og_locale":"nl_BE","og_type":"article","og_title":"Accountable | Al je financi\u00ebn in \u00e9\u00e9n app. - Accountable","og_description":"Realtime boekhouding voor freelancers en zelfstandigen. Verstuur professionele facturen, houd je uitgaven bij, zorg voor je belastingbetalingen. Begin nu gratis","og_url":"https:\/\/www.accountable.eu\/nl-be\/accountable-al-je-financien-in-een-app\/","og_site_name":"Accountable","article_modified_time":"2026-01-14T12:23:25+00:00","twitter_card":"summary_large_image","twitter_misc":{"Geschatte leestijd":"1 minuut"},"schema":{"@context":"https:\/\/schema.org","@graph":[{"@type":"WebPage","@id":"https:\/\/www.accountable.eu\/nl-be\/accountable-al-je-financien-in-een-app\/","url":"https:\/\/www.accountable.eu\/nl-be\/accountable-al-je-financien-in-een-app\/","name":"Accountable | Al je financi\u00ebn in \u00e9\u00e9n app. - Accountable","isPartOf":{"@id":"https:\/\/www.accountable.eu\/nl-be\/#website"},"datePublished":"2026-01-14T12:13:25+00:00","dateModified":"2026-01-14T12:23:25+00:00","description":"Realtime boekhouding voor freelancers en zelfstandigen. Verstuur professionele facturen, houd je uitgaven bij, zorg voor je belastingbetalingen. Begin nu gratis","breadcrumb":{"@id":"https:\/\/www.accountable.eu\/nl-be\/accountable-al-je-financien-in-een-app\/#breadcrumb"},"inLanguage":"nl-BE","potentialAction":[{"@type":"ReadAction","target":["https:\/\/www.accountable.eu\/nl-be\/accountable-al-je-financien-in-een-app\/"]}]},{"@type":"BreadcrumbList","@id":"https:\/\/www.accountable.eu\/nl-be\/accountable-al-je-financien-in-een-app\/#breadcrumb","itemListElement":[{"@type":"ListItem","position":1,"name":"Home","item":"https:\/\/www.accountable.eu\/nl-be\/"},{"@type":"ListItem","position":2,"name":"Accountable | Al je financi\u00ebn in \u00e9\u00e9n app."}]},{"@type":"WebSite","@id":"https:\/\/www.accountable.eu\/nl-be\/#website","url":"https:\/\/www.accountable.eu\/nl-be\/","name":"Accountable","description":"Your accountant and tax advisor on your smartphone","publisher":{"@id":"https:\/\/www.accountable.eu\/nl-be\/#organization"},"potentialAction":[{"@type":"SearchAction","target":{"@type":"EntryPoint","urlTemplate":"https:\/\/www.accountable.eu\/nl-be\/?s={search_term_string}"},"query-input":{"@type":"PropertyValueSpecification","valueRequired":true,"valueName":"search_term_string"}}],"inLanguage":"nl-BE"},{"@type":"Organization","@id":"https:\/\/www.accountable.eu\/nl-be\/#organization","name":"Accountable","url":"https:\/\/www.accountable.eu\/nl-be\/","logo":{"@type":"ImageObject","inLanguage":"nl-BE","@id":"https:\/\/www.accountable.eu\/nl-be\/#\/schema\/logo\/image\/","url":"https:\/\/www.accountable.eu\/wp-content\/uploads\/2026\/04\/logo-512.png","contentUrl":"https:\/\/www.accountable.eu\/wp-content\/uploads\/2026\/04\/logo-512.png","width":512,"height":512,"caption":"Accountable"},"image":{"@id":"https:\/\/www.accountable.eu\/nl-be\/#\/schema\/logo\/image\/"}}]}},"_links":{"self":[{"href":"https:\/\/www.accountable.eu\/nl-be\/wp-json\/wp\/v2\/pages\/20747","targetHints":{"allow":["GET"]}}],"collection":[{"href":"https:\/\/www.accountable.eu\/nl-be\/wp-json\/wp\/v2\/pages"}],"about":[{"href":"https:\/\/www.accountable.eu\/nl-be\/wp-json\/wp\/v2\/types\/page"}],"author":[{"embeddable":true,"href":"https:\/\/www.accountable.eu\/nl-be\/wp-json\/wp\/v2\/users\/36"}],"replies":[{"embeddable":true,"href":"https:\/\/www.accountable.eu\/nl-be\/wp-json\/wp\/v2\/comments?post=20747"}],"version-history":[{"count":0,"href":"https:\/\/www.accountable.eu\/nl-be\/wp-json\/wp\/v2\/pages\/20747\/revisions"}],"wp:attachment":[{"href":"https:\/\/www.accountable.eu\/nl-be\/wp-json\/wp\/v2\/media?parent=20747"}],"curies":[{"name":"wp","href":"https:\/\/api.w.org\/{rel}","templated":true}]}}